{"id":9598,"date":"2025-05-13T10:08:22","date_gmt":"2025-05-13T10:08:22","guid":{"rendered":"https:\/\/wp.ravextheme.com\/arrox\/?page_id=9598"},"modified":"2025-08-13T18:48:24","modified_gmt":"2025-08-13T18:48:24","slug":"services-st-4","status":"publish","type":"page","link":"https:\/\/pixelprosk.com\/sk\/sluzby-st-4\/","title":{"rendered":"Services ST.4"},"content":{"rendered":"<div data-elementor-type=\"wp-page\" data-elementor-id=\"9598\" class=\"elementor elementor-9598\" data-elementor-post-type=\"page\">\n\t\t\t\t<div class=\"elementor-element elementor-element-60ca901 e-flex e-con-boxed e-con e-parent\" data-id=\"60ca901\" data-element_type=\"container\" data-settings=\"{&quot;background_background&quot;:&quot;classic&quot;}\">\n\t\t\t\t\t<div class=\"e-con-inner\">\n\t\t<div class=\"elementor-element elementor-element-48b9fa7 e-con-full e-flex e-con e-child\" data-id=\"48b9fa7\" data-element_type=\"container\">\n\t\t\t\t<div class=\"elementor-element elementor-element-f6ea51b fade-anim rd-inner-pg-title elementor-widget elementor-widget-heading\" data-id=\"f6ea51b\" data-element_type=\"widget\" data-widget_type=\"heading.default\">\n\t\t\t\t\t<h1 class=\"elementor-heading-title elementor-size-default\">Odbornos\u0165<\/h1>\t\t\t\t<\/div>\n\t\t\t\t<\/div>\n\t\t\t\t\t<\/div>\n\t\t\t\t<\/div>\n\t\t<div class=\"elementor-element elementor-element-0ebbe8d e-flex e-con-boxed e-con e-parent\" data-id=\"0ebbe8d\" data-element_type=\"container\" data-settings=\"{&quot;background_background&quot;:&quot;classic&quot;}\">\n\t\t\t\t\t<div class=\"e-con-inner\">\n\t\t<div class=\"elementor-element elementor-element-c89a32a e-con-full e-flex e-con e-child\" data-id=\"c89a32a\" data-element_type=\"container\">\n\t\t<div class=\"elementor-element elementor-element-a7a432c e-con-full e-flex e-con e-child\" data-id=\"a7a432c\" data-element_type=\"container\">\n\t\t\t\t<div class=\"elementor-element elementor-element-9c6423e fade-anim elementor-widget elementor-widget-heading\" data-id=\"9c6423e\" data-element_type=\"widget\" data-widget_type=\"heading.default\">\n\t\t\t\t\t<span class=\"elementor-heading-title elementor-size-default\">Schopnosti<\/span>\t\t\t\t<\/div>\n\t\t\t\t<\/div>\n\t\t<div class=\"elementor-element elementor-element-f5e46f9 e-con-full e-flex e-con e-child\" data-id=\"f5e46f9\" data-element_type=\"container\">\n\t\t\t\t<div class=\"elementor-element elementor-element-806563d fade-anim elementor-widget__width-initial elementor-widget elementor-widget-heading\" data-id=\"806563d\" data-element_type=\"widget\" data-widget_type=\"heading.default\">\n\t\t\t\t\t<h2 class=\"elementor-heading-title elementor-size-default\">V kreat\u00edvnom svete prem\u00fd\u0161\u013eame nekonven\u010dne<\/h2>\t\t\t\t<\/div>\n\t\t\t\t<\/div>\n\t\t\t\t<\/div>\n\t\t\t\t\t<\/div>\n\t\t\t\t<\/div>\n\t\t<div class=\"elementor-element elementor-element-1a7afe3 e-con-full e-flex e-con e-parent\" data-id=\"1a7afe3\" data-element_type=\"container\" data-settings=\"{&quot;background_background&quot;:&quot;classic&quot;}\">\n\t\t\t\t<div class=\"elementor-element elementor-element-1949a96 elementor-widget elementor-widget-arrox_services_vertical_slider\" data-id=\"1949a96\" data-element_type=\"widget\" data-widget_type=\"arrox_services_vertical_slider.default\">\n\t\t\t\t<div class=\"elementor-widget-container\">\n\t\t\t\t\t\r\n                <div class=\"body-design-agency\">\r\n            <section class=\"service-area-4  arrox-el-section\">\r\n                <div class=\"container large\">\r\n                    <div class=\"service-area-4-inner\">\r\n                        <div class=\"services-wrapper-box\">\r\n                            <div class=\"services-wrapper-4\">\r\n                                                                <div class=\"service-box fade-anim\">\r\n                                                                        <span class=\"number arrox-el-number\">\r\n                                        01                                    <\/span>\r\n                                    \r\n                                                                        <h2 class=\"title arrox-el-title\">\r\n                                        <a href=\"https:\/\/pixelprosk.com\/sk\/podrobnosti-o-sluzbach\/\" target=\"_self\" rel=\"nofollow\">Umeleck\u00fd smer<\/a>\r\n                                    <\/h2>\r\n                                    \r\n                                    <div class=\"feature-list\">\r\n                                        <ul>\r\n                                                                                        <li class=\"arrox-el-feat-title\">Strat\u00e9gia dizajnu<\/li>\r\n                                                                                        <li class=\"arrox-el-feat-title\">Prototypovanie a dr\u00f4tov\u00fd model<\/li>\r\n                                                                                        <li class=\"arrox-el-feat-title\">Dizajnov\u00fd syst\u00e9m<\/li>\r\n                                                                                        <li class=\"arrox-el-feat-title\">Testovanie pou\u017eite\u013enosti<\/li>\r\n                                                                                    <\/ul>\r\n                                    <\/div>\r\n                                <\/div>\r\n\r\n                                                                <div class=\"service-box fade-anim\">\r\n                                                                        <span class=\"number arrox-el-number\">\r\n                                        02                                    <\/span>\r\n                                    \r\n                                                                        <h2 class=\"title arrox-el-title\">\r\n                                        <a href=\"https:\/\/pixelprosk.com\/sk\/podrobnosti-o-sluzbach\/\" target=\"_self\" rel=\"nofollow\">Smernica pre zna\u010dku<\/a>\r\n                                    <\/h2>\r\n                                    \r\n                                    <div class=\"feature-list\">\r\n                                        <ul>\r\n                                                                                        <li class=\"arrox-el-feat-title\">Strat\u00e9gia dizajnu<\/li>\r\n                                                                                        <li class=\"arrox-el-feat-title\">Prototypovanie a dr\u00f4tov\u00fd model<\/li>\r\n                                                                                        <li class=\"arrox-el-feat-title\">Dizajnov\u00fd syst\u00e9m<\/li>\r\n                                                                                        <li class=\"arrox-el-feat-title\">Testovanie pou\u017eite\u013enosti<\/li>\r\n                                                                                    <\/ul>\r\n                                    <\/div>\r\n                                <\/div>\r\n\r\n                                                                <div class=\"service-box fade-anim\">\r\n                                                                        <span class=\"number arrox-el-number\">\r\n                                        03                                    <\/span>\r\n                                    \r\n                                                                        <h2 class=\"title arrox-el-title\">\r\n                                        <a href=\"https:\/\/pixelprosk.com\/sk\/podrobnosti-o-sluzbach\/\" target=\"_self\" rel=\"nofollow\">Umeleck\u00fd smer<\/a>\r\n                                    <\/h2>\r\n                                    \r\n                                    <div class=\"feature-list\">\r\n                                        <ul>\r\n                                                                                        <li class=\"arrox-el-feat-title\">Strat\u00e9gia dizajnu<\/li>\r\n                                                                                        <li class=\"arrox-el-feat-title\">Prototypovanie a dr\u00f4tov\u00fd model<\/li>\r\n                                                                                        <li class=\"arrox-el-feat-title\">Dizajnov\u00fd syst\u00e9m<\/li>\r\n                                                                                        <li class=\"arrox-el-feat-title\">Testovanie pou\u017eite\u013enosti<\/li>\r\n                                                                                    <\/ul>\r\n                                    <\/div>\r\n                                <\/div>\r\n\r\n                                                                <div class=\"service-box fade-anim\">\r\n                                                                        <span class=\"number arrox-el-number\">\r\n                                        04                                    <\/span>\r\n                                    \r\n                                                                        <h2 class=\"title arrox-el-title\">\r\n                                        <a href=\"https:\/\/pixelprosk.com\/sk\/podrobnosti-o-sluzbach\/\" target=\"_self\" rel=\"nofollow\">Smernica pre zna\u010dku<\/a>\r\n                                    <\/h2>\r\n                                    \r\n                                    <div class=\"feature-list\">\r\n                                        <ul>\r\n                                                                                        <li class=\"arrox-el-feat-title\">Strat\u00e9gia dizajnu<\/li>\r\n                                                                                        <li class=\"arrox-el-feat-title\">Prototypovanie a dr\u00f4tov\u00fd model<\/li>\r\n                                                                                        <li class=\"arrox-el-feat-title\">Dizajnov\u00fd syst\u00e9m<\/li>\r\n                                                                                        <li class=\"arrox-el-feat-title\">Testovanie pou\u017eite\u013enosti<\/li>\r\n                                                                                    <\/ul>\r\n                                    <\/div>\r\n                                <\/div>\r\n\r\n                                \r\n                                                                <div class=\"service-thumb\">\r\n                                    <img decoding=\"async\" src=\"https:\/\/pixelprosk.com\/wp-content\/uploads\/2025\/04\/ax-da-service-slider-img.webp\" alt=\"\">\r\n\r\n                                                                        <div class=\"service-thumb-line-wrapper\">\r\n                                        <span><\/span>\r\n                                        <span><\/span>\r\n                                        <span><\/span>\r\n                                        <span><\/span>\r\n                                        <span><\/span>\r\n                                        <span><\/span>\r\n                                        <span><\/span>\r\n                                        <span><\/span>\r\n                                        <span><\/span>\r\n                                        <span><\/span>\r\n                                        <span><\/span>\r\n                                    <\/div>\r\n                                                                    <\/div>\r\n                                                            <\/div>\r\n                        <\/div>\r\n                    <\/div>\r\n                <\/div>\r\n            <\/section>\r\n        <\/div>\r\n\r\n        \r\n    \t\t\t\t<\/div>\n\t\t\t\t<\/div>\n\t\t\t\t<\/div>\n\t\t<div class=\"elementor-element elementor-element-0e39fec e-flex e-con-boxed e-con e-child\" data-id=\"0e39fec\" data-element_type=\"container\" data-settings=\"{&quot;background_background&quot;:&quot;classic&quot;}\">\n\t\t\t\t\t<div class=\"e-con-inner\">\n\t\t<div class=\"elementor-element elementor-element-4412534 e-flex e-con-boxed e-con e-child\" data-id=\"4412534\" data-element_type=\"container\">\n\t\t\t\t\t<div class=\"e-con-inner\">\n\t\t<div class=\"elementor-element elementor-element-7fee966 e-con-full e-flex e-con e-child\" data-id=\"7fee966\" data-element_type=\"container\">\n\t\t<div class=\"elementor-element elementor-element-56a970d e-con-full e-flex e-con e-child\" data-id=\"56a970d\" data-element_type=\"container\">\n\t\t\t\t<div class=\"elementor-element elementor-element-b2df2b3 elementor-absolute elementor-widget elementor-widget-arrox-image\" data-id=\"b2df2b3\" data-element_type=\"widget\" data-settings=\"{&quot;_position&quot;:&quot;absolute&quot;,&quot;arrox_anima_type&quot;:&quot;parallax-view&quot;}\" data-widget_type=\"arrox-image.default\">\n\t\t\t\t<div class=\"elementor-widget-container\">\n\t\t\t\t\t\r\n\t\t\t\t\t\t<div class=\"image-wrapper arrox-el-image parallax-view\">\r\n        \t<img decoding=\"async\" class=\"w-100\" src=\"https:\/\/pixelprosk.com\/wp-content\/uploads\/2025\/04\/ax-h2-about-02.webp\" alt=\"\" data-speed=\"0.7\">\r\n        <\/div>\r\n\t\t\r\n\t\t\t\t\t\t<\/div>\n\t\t\t\t<\/div>\n\t\t\t\t<\/div>\n\t\t<div class=\"elementor-element elementor-element-7d1d833 e-con-full e-flex e-con e-child\" data-id=\"7d1d833\" data-element_type=\"container\" data-settings=\"{&quot;background_background&quot;:&quot;classic&quot;}\">\n\t\t\t\t<div class=\"elementor-element elementor-element-8595729 elementor-widget__width-initial elementor-widget elementor-widget-arrox-invert-text\" data-id=\"8595729\" data-element_type=\"widget\" data-widget_type=\"arrox-invert-text.default\">\n\t\t\t\t<div class=\"elementor-widget-container\">\n\t\t\t\t\t\r\n\r\n\t\t\r\n\r\n                <div class=\"service-content-wrapper arrox-el-section\">\r\n            <div class=\"service-content\">\r\n                <div class=\"section-info-wrapper fade-anim\" data-direction=\"left\">\r\n                    <div class=\"text-wrapper\">\r\n                        <p class=\"text text-invert arrox-el-text\">Praktick\u00fd sprievodca vysvet\u013euj\u00faci, ako a pre\u010do by mal by\u0165 Redox s\u00fa\u010das\u0165ou ka\u017ed\u00e9ho projektu, aby sa zabezpe\u010dila jeho vysok\u00e1 kvalita a bezprobl\u00e9mov\u00fd pou\u017e\u00edvate\u013esk\u00fd z\u00e1\u017eitok.\n\n<br><br>\n\nAk u\u017e rozumiete, po\u017eiadajte o pokra\u010dovanie v rolovan\u00ed; v opa\u010dnom pr\u00edpade kliknite na odkaz ni\u017e\u0161ie a presk\u00famajte viac.<\/p>\r\n                    <\/div>\r\n                <\/div>\r\n            <\/div>\r\n        <\/div>\r\n        \r\n\t\t\t\t\t\t<\/div>\n\t\t\t\t<\/div>\n\t\t\t\t<\/div>\n\t\t\t\t<\/div>\n\t\t<div class=\"elementor-element elementor-element-88de04e e-con-full e-flex e-con e-child\" data-id=\"88de04e\" data-element_type=\"container\">\n\t\t\t\t<div class=\"elementor-element elementor-element-6d7ab8c elementor-widget elementor-widget-arrox-image\" data-id=\"6d7ab8c\" data-element_type=\"widget\" data-settings=\"{&quot;arrox_anima_type&quot;:&quot;parallax-view&quot;}\" data-widget_type=\"arrox-image.default\">\n\t\t\t\t<div class=\"elementor-widget-container\">\n\t\t\t\t\t\r\n\t\t\t\t\t\t<div class=\"image-wrapper arrox-el-image parallax-view\">\r\n        \t<img decoding=\"async\" class=\"w-100\" src=\"https:\/\/pixelprosk.com\/wp-content\/uploads\/2025\/04\/ax-h2-about-01.webp\" alt=\"\" data-speed=\"0.7\">\r\n        <\/div>\r\n\t\t\r\n\t\t\t\t\t\t<\/div>\n\t\t\t\t<\/div>\n\t\t\t\t<\/div>\n\t\t\t\t\t<\/div>\n\t\t\t\t<\/div>\n\t\t\t\t\t<\/div>\n\t\t\t\t<\/div>\n\t\t<div class=\"elementor-element elementor-element-deda1c3 e-flex e-con-boxed e-con e-parent\" data-id=\"deda1c3\" data-element_type=\"container\" data-settings=\"{&quot;background_background&quot;:&quot;classic&quot;}\">\n\t\t\t\t\t<div class=\"e-con-inner\">\n\t\t<div class=\"elementor-element elementor-element-3db4849 e-con-full e-flex e-con e-child\" data-id=\"3db4849\" data-element_type=\"container\">\n\t\t<div class=\"elementor-element elementor-element-d8681a7 e-con-full e-flex e-con e-child\" data-id=\"d8681a7\" data-element_type=\"container\">\n\t\t\t\t<div class=\"elementor-element elementor-element-4e89135 elementor-widget__width-initial elementor-widget elementor-widget-heading\" data-id=\"4e89135\" data-element_type=\"widget\" data-widget_type=\"heading.default\">\n\t\t\t\t\t<h2 class=\"elementor-heading-title elementor-size-default\">Klient: Pom\u00e1hame zna\u010dk\u00e1m r\u00e1s\u0165 a rozpr\u00e1va\u0165 svetu o ich \u00faspe\u0161n\u00fdch pr\u00edbehoch.<\/h2>\t\t\t\t<\/div>\n\t\t\t\t<\/div>\n\t\t<div class=\"elementor-element elementor-element-f5873cc e-con-full e-flex e-con e-child\" data-id=\"f5873cc\" data-element_type=\"container\">\n\t\t\t\t<div class=\"elementor-element elementor-element-d3871ed client-area-service-page elementor-widget elementor-widget-rt-brand-bounch\" data-id=\"d3871ed\" data-element_type=\"widget\" data-widget_type=\"rt-brand-bounch.default\">\n\t\t\t\t<div class=\"elementor-widget-container\">\n\t\t\t\t\t\r\n        \r\n        <!-- client area start  -->\r\n        <div class=\"body-digital-agency\">\r\n            <section class=\"client-area rt-el-section\">\r\n                <div class=\"client-area-inner\">\r\n                                        <div class=\"section-content\">\r\n                        <div class=\"text-wrapper fade-anim\">\r\n                            <p class=\"text rt-el-desc\">Sme skvel\u00fd t\u00edm kreat\u00edvcov s najsilnej\u0161\u00edmi schopnos\u0165ami pom\u00f4c\u0165 progres\u00edvnym odborom dosiahnu\u0165 ich ciele. S najlep\u0161\u00edmi talentmi na ka\u017edom \u00faspe\u0161ne dokon\u010denom projekte.<\/p>\r\n                        <\/div>\r\n                    <\/div>\r\n                    \r\n                    <div class=\"client-capsule-wrapper-box\" data-t-throwable-scene=\"true\">\r\n                        <div class=\"client-capsule-wrapper\">\r\n                                                        <p class=\"elementor-repeater-item-cac9435\" data-t-throwable-el=\"\">\r\n                                <span class=\"client-box bg-theme\">\r\n                                    <img decoding=\"async\" src=\"https:\/\/pixelprosk.com\/wp-content\/uploads\/2025\/05\/trello-dark-logo.webp\"\r\n                                    alt=\"\">\r\n                                <\/span>\r\n                            <\/p>\r\n                                                        <p class=\"elementor-repeater-item-567440f\" data-t-throwable-el=\"\">\r\n                                <span class=\"client-box bg-theme\">\r\n                                    <img decoding=\"async\" src=\"https:\/\/pixelprosk.com\/wp-content\/uploads\/2025\/05\/clickup-black-logo.webp\"\r\n                                    alt=\"\">\r\n                                <\/span>\r\n                            <\/p>\r\n                                                        <p class=\"elementor-repeater-item-007d395\" data-t-throwable-el=\"\">\r\n                                <span class=\"client-box bg-theme\">\r\n                                    <img decoding=\"async\" src=\"https:\/\/pixelprosk.com\/wp-content\/uploads\/2025\/05\/zoom-dark-logo.webp\"\r\n                                    alt=\"\">\r\n                                <\/span>\r\n                            <\/p>\r\n                                                        <p class=\"elementor-repeater-item-9ccd730\" data-t-throwable-el=\"\">\r\n                                <span class=\"client-box bg-theme\">\r\n                                    <img decoding=\"async\" src=\"https:\/\/pixelprosk.com\/wp-content\/uploads\/2025\/04\/client-28.webp\"\r\n                                    alt=\"\">\r\n                                <\/span>\r\n                            <\/p>\r\n                                                        <p class=\"elementor-repeater-item-5366dbe\" data-t-throwable-el=\"\">\r\n                                <span class=\"client-box bg-theme\">\r\n                                    <img decoding=\"async\" src=\"https:\/\/pixelprosk.com\/wp-content\/uploads\/2025\/04\/client-29.webp\"\r\n                                    alt=\"\">\r\n                                <\/span>\r\n                            <\/p>\r\n                                                        <p class=\"elementor-repeater-item-597a5ad\" data-t-throwable-el=\"\">\r\n                                <span class=\"client-box bg-theme\">\r\n                                    <img decoding=\"async\" src=\"https:\/\/pixelprosk.com\/wp-content\/uploads\/2025\/04\/client-26.webp\"\r\n                                    alt=\"\">\r\n                                <\/span>\r\n                            <\/p>\r\n                                                        <p class=\"elementor-repeater-item-4a988ae\" data-t-throwable-el=\"\">\r\n                                <span class=\"client-box bg-theme\">\r\n                                    <img decoding=\"async\" src=\"https:\/\/pixelprosk.com\/wp-content\/uploads\/2025\/04\/client-27.webp\"\r\n                                    alt=\"\">\r\n                                <\/span>\r\n                            <\/p>\r\n                                                        <p class=\"elementor-repeater-item-a294004\" data-t-throwable-el=\"\">\r\n                                <span class=\"client-box bg-theme\">\r\n                                    <img decoding=\"async\" src=\"https:\/\/pixelprosk.com\/wp-content\/uploads\/2025\/04\/client-25.webp\"\r\n                                    alt=\"\">\r\n                                <\/span>\r\n                            <\/p>\r\n                                                        <p class=\"elementor-repeater-item-4a15f4f\" data-t-throwable-el=\"\">\r\n                                <span class=\"client-box bg-theme\">\r\n                                    <img decoding=\"async\" src=\"https:\/\/pixelprosk.com\/wp-content\/uploads\/2025\/04\/client-24.webp\"\r\n                                    alt=\"\">\r\n                                <\/span>\r\n                            <\/p>\r\n                                                        <p class=\"elementor-repeater-item-8498c35\" data-t-throwable-el=\"\">\r\n                                <span class=\"client-box bg-theme\">\r\n                                    <img decoding=\"async\" src=\"https:\/\/pixelprosk.com\/wp-content\/uploads\/2025\/04\/client-23.webp\"\r\n                                    alt=\"\">\r\n                                <\/span>\r\n                            <\/p>\r\n                                                        <p class=\"elementor-repeater-item-bfce2ec\" data-t-throwable-el=\"\">\r\n                                <span class=\"client-box bg-theme\">\r\n                                    <img decoding=\"async\" src=\"https:\/\/pixelprosk.com\/wp-content\/uploads\/2025\/06\/white-client-21.webp\"\r\n                                    alt=\"\">\r\n                                <\/span>\r\n                            <\/p>\r\n                                                        <p class=\"elementor-repeater-item-7df918a\" data-t-throwable-el=\"\">\r\n                                <span class=\"client-box bg-theme\">\r\n                                    <img decoding=\"async\" src=\"https:\/\/pixelprosk.com\/wp-content\/uploads\/2025\/06\/white-client-20.webp\"\r\n                                    alt=\"\">\r\n                                <\/span>\r\n                            <\/p>\r\n                                                        <p class=\"elementor-repeater-item-2ba9372\" data-t-throwable-el=\"\">\r\n                                <span class=\"client-box bg-theme\">\r\n                                    <img decoding=\"async\" src=\"https:\/\/pixelprosk.com\/wp-content\/uploads\/2025\/06\/white-client-12.webp\"\r\n                                    alt=\"\">\r\n                                <\/span>\r\n                            <\/p>\r\n                                                        <p class=\"elementor-repeater-item-848baa0\" data-t-throwable-el=\"\">\r\n                                <span class=\"client-box bg-theme\">\r\n                                    <img decoding=\"async\" src=\"https:\/\/pixelprosk.com\/wp-content\/uploads\/2025\/06\/white-client-15.webp\"\r\n                                    alt=\"\">\r\n                                <\/span>\r\n                            <\/p>\r\n                                                    <\/div>\r\n                    <\/div>\r\n\r\n                                        <div class=\"lines-wrapper\">\r\n                        <div class=\"line\"><\/div>\r\n                        <div class=\"line\"><\/div>\r\n                        <div class=\"line\"><\/div>\r\n                        <div class=\"line\"><\/div>\r\n                        <div class=\"line\"><\/div>\r\n                        <div class=\"line\"><\/div>\r\n                        <div class=\"line\"><\/div>\r\n                        <div class=\"line\"><\/div>\r\n                    <\/div>\r\n                                    <\/div>\r\n            <\/section>\r\n        <\/div>\r\n        <!-- client area end  -->\r\n\r\n        \t\t\t\t<\/div>\n\t\t\t\t<\/div>\n\t\t\t\t<\/div>\n\t\t\t\t<\/div>\n\t\t\t\t\t<\/div>\n\t\t\t\t<\/div>\n\t\t\t\t<\/div>","protected":false},"excerpt":{"rendered":"<p>Expertise Capabilities We think out of the box when it comes to creative 01 Art Direction Design Strategy Prototyping &amp; Wireframe Design system Usability testing 02 Brand Guideline Design Strategy Prototyping &amp; Wireframe Design system Usability testing 03 Art Direction Design Strategy Prototyping &amp; Wireframe Design system Usability testing 04 Brand Guideline Design Strategy Prototyping [&hellip;]<\/p>","protected":false},"author":1,"featured_media":0,"parent":0,"menu_order":0,"comment_status":"closed","ping_status":"closed","template":"elementor_header_footer","meta":{"_monsterinsights_skip_tracking":false,"_monsterinsights_sitenote_active":false,"_monsterinsights_sitenote_note":"","_monsterinsights_sitenote_category":0,"footnotes":""},"class_list":["post-9598","page","type-page","status-publish","hentry"],"_links":{"self":[{"href":"https:\/\/pixelprosk.com\/sk\/wp-json\/wp\/v2\/pages\/9598","targetHints":{"allow":["GET"]}}],"collection":[{"href":"https:\/\/pixelprosk.com\/sk\/wp-json\/wp\/v2\/pages"}],"about":[{"href":"https:\/\/pixelprosk.com\/sk\/wp-json\/wp\/v2\/types\/page"}],"author":[{"embeddable":true,"href":"https:\/\/pixelprosk.com\/sk\/wp-json\/wp\/v2\/users\/1"}],"replies":[{"embeddable":true,"href":"https:\/\/pixelprosk.com\/sk\/wp-json\/wp\/v2\/comments?post=9598"}],"version-history":[{"count":1,"href":"https:\/\/pixelprosk.com\/sk\/wp-json\/wp\/v2\/pages\/9598\/revisions"}],"predecessor-version":[{"id":17249,"href":"https:\/\/pixelprosk.com\/sk\/wp-json\/wp\/v2\/pages\/9598\/revisions\/17249"}],"wp:attachment":[{"href":"https:\/\/pixelprosk.com\/sk\/wp-json\/wp\/v2\/media?parent=9598"}],"curies":[{"name":"wp","href":"https:\/\/api.w.org\/{rel}","templated":true}]}}