{"id":8705,"date":"2025-05-12T09:34:50","date_gmt":"2025-05-12T09:34:50","guid":{"rendered":"https:\/\/wp.ravextheme.com\/arrox\/?page_id=8705"},"modified":"2025-08-13T18:48:24","modified_gmt":"2025-08-13T18:48:24","slug":"portfolio-details","status":"publish","type":"page","link":"https:\/\/pixelprosk.com\/sk\/podrobnosti-o-portfoliu\/","title":{"rendered":"Portfolio Details"},"content":{"rendered":"<div data-elementor-type=\"wp-page\" data-elementor-id=\"8705\" class=\"elementor elementor-8705\" data-elementor-post-type=\"page\">\n\t\t\t\t<div class=\"elementor-element elementor-element-1d12f06 e-flex e-con-boxed e-con e-parent\" data-id=\"1d12f06\" data-element_type=\"container\" data-settings=\"{&quot;background_background&quot;:&quot;classic&quot;}\">\n\t\t\t\t\t<div class=\"e-con-inner\">\n\t\t<div class=\"elementor-element elementor-element-aeec9c4 e-con-full e-flex e-con e-child\" data-id=\"aeec9c4\" data-element_type=\"container\">\n\t\t<div class=\"elementor-element elementor-element-c3821b1 e-con-full e-flex e-con e-child\" data-id=\"c3821b1\" data-element_type=\"container\">\n\t\t\t\t<div class=\"elementor-element elementor-element-09d64b2 fade-anim elementor-widget elementor-widget-image\" data-id=\"09d64b2\" data-element_type=\"widget\" data-widget_type=\"image.default\">\n\t\t\t\t\t\t\t\t\t\t\t\t\t\t\t<img fetchpriority=\"high\" decoding=\"async\" width=\"315\" height=\"180\" src=\"https:\/\/pixelprosk.com\/wp-content\/uploads\/2025\/05\/ax-pf-details-01.webp\" class=\"attachment-full size-full wp-image-8719\" alt=\"\" \/>\t\t\t\t\t\t\t\t\t\t\t\t\t\t\t<\/div>\n\t\t\t\t<\/div>\n\t\t<div class=\"elementor-element elementor-element-f48f9fe e-con-full e-flex e-con e-child\" data-id=\"f48f9fe\" data-element_type=\"container\">\n\t\t\t\t<div class=\"elementor-element elementor-element-99d831a fade-anim elementor-widget elementor-widget-heading\" data-id=\"99d831a\" data-element_type=\"widget\" data-widget_type=\"heading.default\">\n\t\t\t\t\t<h1 class=\"elementor-heading-title elementor-size-default\">Saudsk\u00e1 Ar\u00e1bia <br>\nRizikov\u00fd kapit\u00e1l<\/h1>\t\t\t\t<\/div>\n\t\t\t\t<\/div>\n\t\t\t\t<\/div>\n\t\t<div class=\"elementor-element elementor-element-113ace6 e-con-full e-flex e-con e-child\" data-id=\"113ace6\" data-element_type=\"container\">\n\t\t<div class=\"elementor-element elementor-element-82f49e6 e-con-full e-flex e-con e-child\" data-id=\"82f49e6\" data-element_type=\"container\">\n\t\t\t\t<div class=\"elementor-element elementor-element-6580eeb fade-anim elementor-widget elementor-widget-heading\" data-id=\"6580eeb\" data-element_type=\"widget\" data-widget_type=\"heading.default\">\n\t\t\t\t\t<span class=\"elementor-heading-title elementor-size-default\">Slu\u017eba<\/span>\t\t\t\t<\/div>\n\t\t\t\t<div class=\"elementor-element elementor-element-48fd3b5 fade-anim elementor-widget elementor-widget-heading\" data-id=\"48fd3b5\" data-element_type=\"widget\" data-widget_type=\"heading.default\">\n\t\t\t\t\t<span class=\"elementor-heading-title elementor-size-default\">Vizu\u00e1lna identita, branding<\/span>\t\t\t\t<\/div>\n\t\t\t\t<\/div>\n\t\t<div class=\"elementor-element elementor-element-aad8943 e-con-full e-flex e-con e-child\" data-id=\"aad8943\" data-element_type=\"container\">\n\t\t\t\t<div class=\"elementor-element elementor-element-9825db5 fade-anim elementor-widget elementor-widget-heading\" data-id=\"9825db5\" data-element_type=\"widget\" data-widget_type=\"heading.default\">\n\t\t\t\t\t<span class=\"elementor-heading-title elementor-size-default\">Klient<\/span>\t\t\t\t<\/div>\n\t\t\t\t<div class=\"elementor-element elementor-element-289d903 fade-anim elementor-widget elementor-widget-heading\" data-id=\"289d903\" data-element_type=\"widget\" data-widget_type=\"heading.default\">\n\t\t\t\t\t<span class=\"elementor-heading-title elementor-size-default\">Digit\u00e1lna agent\u00fara Softakey\n\n<\/span>\t\t\t\t<\/div>\n\t\t\t\t<\/div>\n\t\t<div class=\"elementor-element elementor-element-c271545 e-con-full e-flex e-con e-child\" data-id=\"c271545\" data-element_type=\"container\">\n\t\t\t\t<div class=\"elementor-element elementor-element-3bd9687 fade-anim elementor-widget elementor-widget-heading\" data-id=\"3bd9687\" data-element_type=\"widget\" data-widget_type=\"heading.default\">\n\t\t\t\t\t<span class=\"elementor-heading-title elementor-size-default\">D\u00e1tum<\/span>\t\t\t\t<\/div>\n\t\t\t\t<div class=\"elementor-element elementor-element-15959fd fade-anim elementor-widget elementor-widget-heading\" data-id=\"15959fd\" data-element_type=\"widget\" data-widget_type=\"heading.default\">\n\t\t\t\t\t<span class=\"elementor-heading-title elementor-size-default\">janu\u00e1r 2025\n\n<\/span>\t\t\t\t<\/div>\n\t\t\t\t<\/div>\n\t\t<div class=\"elementor-element elementor-element-d905385 e-con-full e-flex e-con e-child\" data-id=\"d905385\" data-element_type=\"container\">\n\t\t\t\t<div class=\"elementor-element elementor-element-0a9d586 fade-anim elementor-widget elementor-widget-heading\" data-id=\"0a9d586\" data-element_type=\"widget\" data-widget_type=\"heading.default\">\n\t\t\t\t\t<span class=\"elementor-heading-title elementor-size-default\">Technol\u00f3gia<\/span>\t\t\t\t<\/div>\n\t\t\t\t<div class=\"elementor-element elementor-element-42a73f2 fade-anim elementor-widget elementor-widget-heading\" data-id=\"42a73f2\" data-element_type=\"widget\" data-widget_type=\"heading.default\">\n\t\t\t\t\t<span class=\"elementor-heading-title elementor-size-default\">Figma, WordPress\n<\/span>\t\t\t\t<\/div>\n\t\t\t\t<\/div>\n\t\t\t\t<\/div>\n\t\t\t\t\t<\/div>\n\t\t\t\t<\/div>\n\t\t<div class=\"elementor-element elementor-element-d4195a9 e-con-full e-flex e-con e-parent\" data-id=\"d4195a9\" data-element_type=\"container\" data-settings=\"{&quot;background_background&quot;:&quot;classic&quot;}\">\n\t\t\t\t<div class=\"elementor-element elementor-element-583b65c elementor-widget elementor-widget-arrox-image\" data-id=\"583b65c\" data-element_type=\"widget\" data-settings=\"{&quot;arrox_anima_type&quot;:&quot;parallax-view&quot;}\" data-widget_type=\"arrox-image.default\">\n\t\t\t\t<div class=\"elementor-widget-container\">\n\t\t\t\t\t\r\n\t\t\t\t\t\t<div class=\"image-wrapper arrox-el-image parallax-view\">\r\n        \t<img decoding=\"async\" class=\"w-100\" src=\"https:\/\/pixelprosk.com\/wp-content\/uploads\/2025\/04\/ax-about-01.webp\" alt=\"\" data-speed=\"0.8\">\r\n        <\/div>\r\n\t\t\r\n\t\t\t\t\t\t<\/div>\n\t\t\t\t<\/div>\n\t\t\t\t<\/div>\n\t\t<div class=\"elementor-element elementor-element-9ba0bb9 e-flex e-con-boxed e-con e-parent\" data-id=\"9ba0bb9\" data-element_type=\"container\" data-settings=\"{&quot;background_background&quot;:&quot;classic&quot;}\">\n\t\t\t\t\t<div class=\"e-con-inner\">\n\t\t<div class=\"elementor-element elementor-element-3a681b9 e-con-full e-flex e-con e-child\" data-id=\"3a681b9\" data-element_type=\"container\">\n\t\t\t\t<div class=\"elementor-element elementor-element-035540a fade-anim elementor-widget__width-initial elementor-widget elementor-widget-heading\" data-id=\"035540a\" data-element_type=\"widget\" data-widget_type=\"heading.default\">\n\t\t\t\t\t<h2 class=\"elementor-heading-title elementor-size-default\">Budujte, zefekt\u00edvnite a vyv\u00edjajte sa spolu s rie\u0161en\u00edm<\/h2>\t\t\t\t<\/div>\n\t\t\t\t<\/div>\n\t\t<div class=\"elementor-element elementor-element-7a07dd8 e-con-full e-flex e-con e-child\" data-id=\"7a07dd8\" data-element_type=\"container\">\n\t\t\t\t<div class=\"elementor-element elementor-element-4ac10ff fade-anim elementor-widget elementor-widget-text-editor\" data-id=\"4ac10ff\" data-element_type=\"widget\" data-widget_type=\"text-editor.default\">\n\t\t\t\t\t\t\t\t\t<p>Myriam sa najprv vyu\u010dila soch\u00e1rstvo v Montreale a potom v Helsink\u00e1ch vo F\u00ednsku. Teraz \u017eije v Quebecu, ale pracuje pre klientov po celom svete. Od textiln\u00e9ho dizajnu cez n\u00e1stenn\u00e9 ma\u013eby, ilustr\u00e1cie v editori\u00e1loch a\u017e po ob\u00e1lky kn\u00edh, jej \u0161t\u00fdl je rozpoznate\u013en\u00fd pod\u013ea jednoduch\u00fdch a dokonale usporiadan\u00fdch tvarov, ako aj bohatej a \u017eiarivej farebnej palety. V\u00fdrazn\u00e9 c\u00ednov\u00e9 n\u00e1ramky, strieborn\u00e9 zipsy, vn\u00fatorn\u00fd p\u00e1s so s\u0165ahovacou \u0161n\u00farkou.<\/p>\t\t\t\t\t\t\t\t<\/div>\n\t\t\t\t<div class=\"elementor-element elementor-element-fc98b13 fade-anim elementor-icon-list--layout-traditional elementor-list-item-link-full_width elementor-widget elementor-widget-icon-list\" data-id=\"fc98b13\" data-element_type=\"widget\" data-widget_type=\"icon-list.default\">\n\t\t\t\t\t\t\t<ul class=\"elementor-icon-list-items\">\n\t\t\t\t\t\t\t<li class=\"elementor-icon-list-item\">\n\t\t\t\t\t\t\t\t\t\t\t<span class=\"elementor-icon-list-icon\">\n\t\t\t\t\t\t\t<i aria-hidden=\"true\" class=\"fas fa-plus\"><\/i>\t\t\t\t\t\t<\/span>\n\t\t\t\t\t\t\t\t\t\t<span class=\"elementor-icon-list-text\">V\u00fdvoj zna\u010dky<\/span>\n\t\t\t\t\t\t\t\t\t<\/li>\n\t\t\t\t\t\t\t\t<li class=\"elementor-icon-list-item\">\n\t\t\t\t\t\t\t\t\t\t\t<span class=\"elementor-icon-list-icon\">\n\t\t\t\t\t\t\t<i aria-hidden=\"true\" class=\"fas fa-plus\"><\/i>\t\t\t\t\t\t<\/span>\n\t\t\t\t\t\t\t\t\t\t<span class=\"elementor-icon-list-text\">UX\/UI dizajn<\/span>\n\t\t\t\t\t\t\t\t\t<\/li>\n\t\t\t\t\t\t\t\t<li class=\"elementor-icon-list-item\">\n\t\t\t\t\t\t\t\t\t\t\t<span class=\"elementor-icon-list-icon\">\n\t\t\t\t\t\t\t<i aria-hidden=\"true\" class=\"fas fa-plus\"><\/i>\t\t\t\t\t\t<\/span>\n\t\t\t\t\t\t\t\t\t\t<span class=\"elementor-icon-list-text\">Front-end v\u00fdvoj<\/span>\n\t\t\t\t\t\t\t\t\t<\/li>\n\t\t\t\t\t\t\t\t<li class=\"elementor-icon-list-item\">\n\t\t\t\t\t\t\t\t\t\t\t<span class=\"elementor-icon-list-icon\">\n\t\t\t\t\t\t\t<i aria-hidden=\"true\" class=\"fas fa-plus\"><\/i>\t\t\t\t\t\t<\/span>\n\t\t\t\t\t\t\t\t\t\t<span class=\"elementor-icon-list-text\">copywriting<\/span>\n\t\t\t\t\t\t\t\t\t<\/li>\n\t\t\t\t\t\t\t\t<li class=\"elementor-icon-list-item\">\n\t\t\t\t\t\t\t\t\t\t\t<span class=\"elementor-icon-list-icon\">\n\t\t\t\t\t\t\t<i aria-hidden=\"true\" class=\"fas fa-plus\"><\/i>\t\t\t\t\t\t<\/span>\n\t\t\t\t\t\t\t\t\t\t<span class=\"elementor-icon-list-text\">V\u00fdvoj Shopify<\/span>\n\t\t\t\t\t\t\t\t\t<\/li>\n\t\t\t\t\t\t<\/ul>\n\t\t\t\t\t\t<\/div>\n\t\t\t\t<\/div>\n\t\t\t\t\t<\/div>\n\t\t\t\t<\/div>\n\t\t<div class=\"elementor-element elementor-element-4f0fd9c e-flex e-con-boxed e-con e-parent\" data-id=\"4f0fd9c\" data-element_type=\"container\" data-settings=\"{&quot;background_background&quot;:&quot;classic&quot;}\">\n\t\t\t\t\t<div class=\"e-con-inner\">\n\t\t<div class=\"elementor-element elementor-element-5740ea3 e-con-full e-flex e-con e-child\" data-id=\"5740ea3\" data-element_type=\"container\">\n\t\t<div class=\"elementor-element elementor-element-a797e3f e-con-full e-flex e-con e-child\" data-id=\"a797e3f\" data-element_type=\"container\">\n\t\t\t\t<div class=\"elementor-element elementor-element-13928c8 elementor-widget elementor-widget-arrox-image\" data-id=\"13928c8\" data-element_type=\"widget\" data-settings=\"{&quot;arrox_anima_type&quot;:&quot;parallax-view&quot;}\" data-widget_type=\"arrox-image.default\">\n\t\t\t\t<div class=\"elementor-widget-container\">\n\t\t\t\t\t\r\n\t\t\t\t\t\t<div class=\"image-wrapper arrox-el-image parallax-view\">\r\n        \t<img decoding=\"async\" class=\"w-100\" src=\"https:\/\/pixelprosk.com\/wp-content\/uploads\/2025\/05\/ax-pf-dt-portfolio-01.webp\" alt=\"\" data-speed=\"0.8\">\r\n        <\/div>\r\n\t\t\r\n\t\t\t\t\t\t<\/div>\n\t\t\t\t<\/div>\n\t\t\t\t<\/div>\n\t\t<div class=\"elementor-element elementor-element-7213cd8 e-con-full e-flex e-con e-child\" data-id=\"7213cd8\" data-element_type=\"container\">\n\t\t\t\t<div class=\"elementor-element elementor-element-9db4e86 elementor-widget elementor-widget-arrox-image\" data-id=\"9db4e86\" data-element_type=\"widget\" data-settings=\"{&quot;arrox_anima_type&quot;:&quot;parallax-view&quot;}\" data-widget_type=\"arrox-image.default\">\n\t\t\t\t<div class=\"elementor-widget-container\">\n\t\t\t\t\t\r\n\t\t\t\t\t\t<div class=\"image-wrapper arrox-el-image parallax-view\">\r\n        \t<img decoding=\"async\" class=\"w-100\" src=\"https:\/\/pixelprosk.com\/wp-content\/uploads\/2025\/05\/ax-pf-dt-portfolio-02.webp\" alt=\"\" data-speed=\"0.8\">\r\n        <\/div>\r\n\t\t\r\n\t\t\t\t\t\t<\/div>\n\t\t\t\t<\/div>\n\t\t\t\t<\/div>\n\t\t\t\t<\/div>\n\t\t<div class=\"elementor-element elementor-element-8e1a797 e-con-full e-flex e-con e-child\" data-id=\"8e1a797\" data-element_type=\"container\">\n\t\t<div class=\"elementor-element elementor-element-10b1507 e-con-full e-flex e-con e-child\" data-id=\"10b1507\" data-element_type=\"container\">\n\t\t\t\t<div class=\"elementor-element elementor-element-5209ad9 elementor-widget elementor-widget-arrox-image\" data-id=\"5209ad9\" data-element_type=\"widget\" data-settings=\"{&quot;arrox_anima_type&quot;:&quot;parallax-view&quot;}\" data-widget_type=\"arrox-image.default\">\n\t\t\t\t<div class=\"elementor-widget-container\">\n\t\t\t\t\t\r\n\t\t\t\t\t\t<div class=\"image-wrapper arrox-el-image parallax-view\">\r\n        \t<img decoding=\"async\" class=\"w-100\" src=\"https:\/\/pixelprosk.com\/wp-content\/uploads\/2025\/05\/ax-pf-dt-portfolio-03.webp\" alt=\"\" data-speed=\"0.8\">\r\n        <\/div>\r\n\t\t\r\n\t\t\t\t\t\t<\/div>\n\t\t\t\t<\/div>\n\t\t\t\t<\/div>\n\t\t\t\t<\/div>\n\t\t<div class=\"elementor-element elementor-element-14e663d e-con-full e-flex e-con e-child\" data-id=\"14e663d\" data-element_type=\"container\">\n\t\t<div class=\"elementor-element elementor-element-b835580 e-con-full e-flex e-con e-child\" data-id=\"b835580\" data-element_type=\"container\">\n\t\t\t\t<div class=\"elementor-element elementor-element-5eb339e elementor-widget elementor-widget-arrox-image\" data-id=\"5eb339e\" data-element_type=\"widget\" data-settings=\"{&quot;arrox_anima_type&quot;:&quot;parallax-view&quot;}\" data-widget_type=\"arrox-image.default\">\n\t\t\t\t<div class=\"elementor-widget-container\">\n\t\t\t\t\t\r\n\t\t\t\t\t\t<div class=\"image-wrapper arrox-el-image parallax-view\">\r\n        \t<img decoding=\"async\" class=\"w-100\" src=\"https:\/\/pixelprosk.com\/wp-content\/uploads\/2025\/05\/ax-pf-dt-portfolio-04.webp\" alt=\"\" data-speed=\"0.8\">\r\n        <\/div>\r\n\t\t\r\n\t\t\t\t\t\t<\/div>\n\t\t\t\t<\/div>\n\t\t\t\t<\/div>\n\t\t<div class=\"elementor-element elementor-element-cd2a1a5 e-con-full e-flex e-con e-child\" data-id=\"cd2a1a5\" data-element_type=\"container\">\n\t\t\t\t<div class=\"elementor-element elementor-element-d095668 elementor-widget elementor-widget-arrox-image\" data-id=\"d095668\" data-element_type=\"widget\" data-settings=\"{&quot;arrox_anima_type&quot;:&quot;parallax-view&quot;}\" data-widget_type=\"arrox-image.default\">\n\t\t\t\t<div class=\"elementor-widget-container\">\n\t\t\t\t\t\r\n\t\t\t\t\t\t<div class=\"image-wrapper arrox-el-image parallax-view\">\r\n        \t<img decoding=\"async\" class=\"w-100\" src=\"https:\/\/pixelprosk.com\/wp-content\/uploads\/2025\/05\/ax-pf-dt-portfolio-05.webp\" alt=\"\" data-speed=\"0.8\">\r\n        <\/div>\r\n\t\t\r\n\t\t\t\t\t\t<\/div>\n\t\t\t\t<\/div>\n\t\t\t\t<\/div>\n\t\t<div class=\"elementor-element elementor-element-76b53f9 e-con-full e-flex e-con e-child\" data-id=\"76b53f9\" data-element_type=\"container\">\n\t\t\t\t<div class=\"elementor-element elementor-element-b5a3deb elementor-widget elementor-widget-arrox-image\" data-id=\"b5a3deb\" data-element_type=\"widget\" data-settings=\"{&quot;arrox_anima_type&quot;:&quot;parallax-view&quot;}\" data-widget_type=\"arrox-image.default\">\n\t\t\t\t<div class=\"elementor-widget-container\">\n\t\t\t\t\t\r\n\t\t\t\t\t\t<div class=\"image-wrapper arrox-el-image parallax-view\">\r\n        \t<img decoding=\"async\" class=\"w-100\" src=\"https:\/\/pixelprosk.com\/wp-content\/uploads\/2025\/05\/ax-pf-dt-portfolio-06.webp\" alt=\"\" data-speed=\"0.8\">\r\n        <\/div>\r\n\t\t\r\n\t\t\t\t\t\t<\/div>\n\t\t\t\t<\/div>\n\t\t\t\t<\/div>\n\t\t\t\t<\/div>\n\t\t\t\t\t<\/div>\n\t\t\t\t<\/div>\n\t\t<div class=\"elementor-element elementor-element-00d0894 e-flex e-con-boxed e-con e-parent\" data-id=\"00d0894\" data-element_type=\"container\" data-settings=\"{&quot;background_background&quot;:&quot;classic&quot;}\">\n\t\t\t\t\t<div class=\"e-con-inner\">\n\t\t<div class=\"elementor-element elementor-element-eba4d87 e-con-full e-flex e-con e-child\" data-id=\"eba4d87\" data-element_type=\"container\">\n\t\t<div class=\"elementor-element elementor-element-cd89793 e-con-full e-flex e-con e-child\" data-id=\"cd89793\" data-element_type=\"container\">\n\t\t\t\t<div class=\"elementor-element elementor-element-cbe9f14 fade-anim elementor-widget elementor-widget-heading\" data-id=\"cbe9f14\" data-element_type=\"widget\" data-widget_type=\"heading.default\">\n\t\t\t\t\t<h2 class=\"elementor-heading-title elementor-size-default\">Vizu\u00e1lna hierarchia<\/h2>\t\t\t\t<\/div>\n\t\t\t\t<div class=\"elementor-element elementor-element-0ccc943 fade-anim elementor-widget__width-initial elementor-widget elementor-widget-text-editor\" data-id=\"0ccc943\" data-element_type=\"widget\" data-widget_type=\"text-editor.default\">\n\t\t\t\t\t\t\t\t\t<p>Vizu\u00e1lna hierarchia je princ\u00edp usporiadania prvkov tak, aby sa \u013eahko zn\u00e1zornilo poradie ich d\u00f4le\u017eitosti. Logick\u00fdm rozlo\u017een\u00edm prvkov dizajn\u00e9ri pracuj\u00fa v r\u00e1mci wireframingu.<\/p>\t\t\t\t\t\t\t\t<\/div>\n\t\t\t\t<\/div>\n\t\t\t\t<\/div>\n\t\t<div class=\"elementor-element elementor-element-6d8317c e-con-full e-flex e-con e-child\" data-id=\"6d8317c\" data-element_type=\"container\">\n\t\t\t\t<div class=\"elementor-element elementor-element-af68158 fade-anim elementor-widget elementor-widget-heading\" data-id=\"af68158\" data-element_type=\"widget\" data-widget_type=\"heading.default\">\n\t\t\t\t\t<h2 class=\"elementor-heading-title elementor-size-default\">Komponenty<\/h2>\t\t\t\t<\/div>\n\t\t\t\t<div class=\"elementor-element elementor-element-5b584b7 fade-anim elementor-widget-laptop__width-initial elementor-widget elementor-widget-text-editor\" data-id=\"5b584b7\" data-element_type=\"widget\" data-widget_type=\"text-editor.default\">\n\t\t\t\t\t\t\t\t\t<p>Od textiln\u00e9ho dizajnu cez n\u00e1stenn\u00e9 ma\u013eby, ilustr\u00e1cie pre redakcie a\u017e po ob\u00e1lky kn\u00edh, jej \u0161t\u00fdl je rozpoznate\u013en\u00fd pod\u013ea jednoduch\u00fdch a dokonale usporiadan\u00fdch tvarov, ako aj bohatej a \u017eiarivej farebnej palety.<\/p>\t\t\t\t\t\t\t\t<\/div>\n\t\t\t\t<\/div>\n\t\t\t\t\t<\/div>\n\t\t\t\t<\/div>\n\t\t<div class=\"elementor-element elementor-element-efef9cf e-flex e-con-boxed e-con e-parent\" data-id=\"efef9cf\" data-element_type=\"container\" data-settings=\"{&quot;background_background&quot;:&quot;classic&quot;}\">\n\t\t\t\t\t<div class=\"e-con-inner\">\n\t\t\t\t<div class=\"elementor-element elementor-element-70961c2 elementor-widget elementor-widget-arrox-image\" data-id=\"70961c2\" data-element_type=\"widget\" data-settings=\"{&quot;arrox_anima_type&quot;:&quot;parallax-view&quot;}\" data-widget_type=\"arrox-image.default\">\n\t\t\t\t<div class=\"elementor-widget-container\">\n\t\t\t\t\t\r\n\t\t\t\t\t\t<div class=\"image-wrapper arrox-el-image parallax-view\">\r\n        \t<img decoding=\"async\" class=\"w-100\" src=\"https:\/\/pixelprosk.com\/wp-content\/uploads\/2025\/05\/ax-pf-dt-portfolio-07.webp\" alt=\"\" data-speed=\"0.8\">\r\n        <\/div>\r\n\t\t\r\n\t\t\t\t\t\t<\/div>\n\t\t\t\t<\/div>\n\t\t\t\t\t<\/div>\n\t\t\t\t<\/div>\n\t\t\t\t<\/div>","protected":false},"excerpt":{"rendered":"<p>Saudi Venture Capital Service Visual Identity, Branding Client Softakey Digital Agency Date January 2025 Technology Figma, WordPress Build streamline and evolve together with solution Myriam was first trained as a sculptor in Montreal and then in Helsinki, Finland. She is now based in Quebec but works for clients all around the globe. From textile design [&hellip;]<\/p>","protected":false},"author":1,"featured_media":0,"parent":0,"menu_order":0,"comment_status":"closed","ping_status":"closed","template":"elementor_header_footer","meta":{"_monsterinsights_skip_tracking":false,"_monsterinsights_sitenote_active":false,"_monsterinsights_sitenote_note":"","_monsterinsights_sitenote_category":0,"footnotes":""},"class_list":["post-8705","page","type-page","status-publish","hentry"],"_links":{"self":[{"href":"https:\/\/pixelprosk.com\/sk\/wp-json\/wp\/v2\/pages\/8705","targetHints":{"allow":["GET"]}}],"collection":[{"href":"https:\/\/pixelprosk.com\/sk\/wp-json\/wp\/v2\/pages"}],"about":[{"href":"https:\/\/pixelprosk.com\/sk\/wp-json\/wp\/v2\/types\/page"}],"author":[{"embeddable":true,"href":"https:\/\/pixelprosk.com\/sk\/wp-json\/wp\/v2\/users\/1"}],"replies":[{"embeddable":true,"href":"https:\/\/pixelprosk.com\/sk\/wp-json\/wp\/v2\/comments?post=8705"}],"version-history":[{"count":1,"href":"https:\/\/pixelprosk.com\/sk\/wp-json\/wp\/v2\/pages\/8705\/revisions"}],"predecessor-version":[{"id":17246,"href":"https:\/\/pixelprosk.com\/sk\/wp-json\/wp\/v2\/pages\/8705\/revisions\/17246"}],"wp:attachment":[{"href":"https:\/\/pixelprosk.com\/sk\/wp-json\/wp\/v2\/media?parent=8705"}],"curies":[{"name":"wp","href":"https:\/\/api.w.org\/{rel}","templated":true}]}}