{"id":11727,"date":"2025-05-17T03:05:46","date_gmt":"2025-05-17T03:05:46","guid":{"rendered":"https:\/\/wp.ravextheme.com\/arrox\/?page_id=11727"},"modified":"2025-05-17T03:05:46","modified_gmt":"2025-05-17T03:05:46","slug":"faq","status":"publish","type":"page","link":"https:\/\/pixelprosk.com\/sk\/najcastejsie-otazky\/","title":{"rendered":"\u010casto kladen\u00e9 ot\u00e1zky"},"content":{"rendered":"<div data-elementor-type=\"wp-page\" data-elementor-id=\"11727\" class=\"elementor elementor-11727\" data-elementor-post-type=\"page\">\n\t\t\t\t<div class=\"elementor-element elementor-element-35d81c7 e-flex e-con-boxed e-con e-parent\" data-id=\"35d81c7\" data-element_type=\"container\" data-e-type=\"container\" data-settings=\"{&quot;background_background&quot;:&quot;classic&quot;}\">\n\t\t\t\t\t<div class=\"e-con-inner\">\n\t\t<div class=\"elementor-element elementor-element-0f1ae72 e-con-full e-flex e-con e-child\" data-id=\"0f1ae72\" data-element_type=\"container\" data-e-type=\"container\">\n\t\t\t\t<div class=\"elementor-element elementor-element-4c4cc4e fade-anim rd-inner-pg-title elementor-widget elementor-widget-heading\" data-id=\"4c4cc4e\" data-element_type=\"widget\" data-e-type=\"widget\" data-widget_type=\"heading.default\">\n\t\t\t\t\t<h1 class=\"elementor-heading-title elementor-size-default\">Ot\u00e1zka<\/h1>\t\t\t\t<\/div>\n\t\t\t\t<\/div>\n\t\t\t\t\t<\/div>\n\t\t\t\t<\/div>\n\t\t<div class=\"elementor-element elementor-element-8d661b4 e-flex e-con-boxed e-con e-parent\" data-id=\"8d661b4\" data-element_type=\"container\" data-e-type=\"container\" data-settings=\"{&quot;background_background&quot;:&quot;classic&quot;}\">\n\t\t\t\t\t<div class=\"e-con-inner\">\n\t\t<div class=\"elementor-element elementor-element-001c68f e-con-full e-flex e-con e-child\" data-id=\"001c68f\" data-element_type=\"container\" data-e-type=\"container\">\n\t\t<div class=\"elementor-element elementor-element-9d6cbc2 e-con-full e-flex e-con e-child\" data-id=\"9d6cbc2\" data-element_type=\"container\" data-e-type=\"container\">\n\t\t\t\t<div class=\"elementor-element elementor-element-3d2f194 fade-anim elementor-widget elementor-widget-heading\" data-id=\"3d2f194\" data-element_type=\"widget\" data-e-type=\"widget\" data-widget_type=\"heading.default\">\n\t\t\t\t\t<span class=\"elementor-heading-title elementor-size-default\">\u010casto kladen\u00e9 ot\u00e1zky<\/span>\t\t\t\t<\/div>\n\t\t\t\t<\/div>\n\t\t<div class=\"elementor-element elementor-element-439a8fc e-con-full e-flex e-con e-child\" data-id=\"439a8fc\" data-element_type=\"container\" data-e-type=\"container\">\n\t\t\t\t<div class=\"elementor-element elementor-element-024772f fade-anim elementor-widget__width-initial elementor-widget elementor-widget-heading\" data-id=\"024772f\" data-element_type=\"widget\" data-e-type=\"widget\" data-widget_type=\"heading.default\">\n\t\t\t\t\t<h2 class=\"elementor-heading-title elementor-size-default\">Z\u00edskajte nieko\u013eko be\u017en\u00fdch odpoved\u00ed o nov\u00fdch projektoch<\/h2>\t\t\t\t<\/div>\n\t\t\t\t<\/div>\n\t\t\t\t<\/div>\n\t\t<div class=\"elementor-element elementor-element-5dfca63 e-con-full ax-sd-faq-num e-flex e-con e-child\" data-id=\"5dfca63\" data-element_type=\"container\" data-e-type=\"container\">\n\t\t<div class=\"elementor-element elementor-element-b348cdd e-con-full elementor-hidden-mobile_extra elementor-hidden-mobile e-flex e-con e-child\" data-id=\"b348cdd\" data-element_type=\"container\" data-e-type=\"container\">\n\t\t\t\t<\/div>\n\t\t<div class=\"elementor-element elementor-element-0adeedc e-con-full e-flex e-con e-child\" data-id=\"0adeedc\" data-element_type=\"container\" data-e-type=\"container\">\n\t\t\t\t<div class=\"elementor-element elementor-element-d8ba50c fade-anim ax-accordian-open-icon elementor-widget elementor-widget-n-accordion\" data-id=\"d8ba50c\" data-element_type=\"widget\" data-e-type=\"widget\" data-settings=\"{&quot;n_accordion_animation_duration&quot;:{&quot;unit&quot;:&quot;ms&quot;,&quot;size&quot;:300,&quot;sizes&quot;:[]},&quot;default_state&quot;:&quot;expanded&quot;,&quot;max_items_expended&quot;:&quot;one&quot;}\" data-widget_type=\"nested-accordion.default\">\n\t\t\t\t\t\t\t<div class=\"e-n-accordion\" aria-label=\"Akorde\u00f3n. Otv\u00e1rajte odkazy kl\u00e1vesom Enter alebo Medzern\u00edk, zatv\u00e1rajte kl\u00e1vesom Escape a navigujte \u0161\u00edpkami.\">\n\t\t\t\t\t\t<details id=\"ax-accd-10\" class=\"e-n-accordion-item\" open>\n\t\t\t\t<summary class=\"e-n-accordion-item-title\" data-accordion-index=\"1\" tabindex=\"0\" aria-expanded=\"true\" aria-controls=\"ax-accd-10\" >\n\t\t\t\t\t<span class='e-n-accordion-item-title-header'><div class=\"e-n-accordion-item-title-text\"> <span class=\"number\">01<\/span> Prinies\u0165 svoje individu\u00e1lne sk\u00fasenosti a kreativitu? <\/div><\/span>\n\t\t\t\t\t\t\t<span class='e-n-accordion-item-title-icon'>\n\t\t\t<span class='e-opened' ><svg xmlns=\"http:\/\/www.w3.org\/2000\/svg\" width=\"20\" height=\"3\" viewbox=\"0 0 20 3\" fill=\"none\"><path fill-rule=\"evenodd\" clip-rule=\"evenodd\" d=\"M10.7692 0.461426H8.46154H0V2.76912H8.46154H10.7692H20V0.461426H10.7692Z\" fill=\"#111111\"><\/path><\/svg><\/span>\n\t\t\t<span class='e-closed'><svg xmlns=\"http:\/\/www.w3.org\/2000\/svg\" width=\"20\" height=\"20\" viewbox=\"0 0 20 20\" fill=\"none\"><path fill-rule=\"evenodd\" clip-rule=\"evenodd\" d=\"M10.7692 0H8.46154V8.46154H0V10.7692H8.46154V20H10.7692V10.7692H20V8.46154H10.7692V0Z\" fill=\"#111111\"><\/path><\/svg><\/span>\n\t\t<\/span>\n\n\t\t\t\t\t\t<\/summary>\n\t\t\t\t<div role=\"region\" aria-labelledby=\"ax-accd-10\" class=\"elementor-element elementor-element-a2a740e e-con-full e-flex e-con e-child\" data-id=\"a2a740e\" data-element_type=\"container\" data-e-type=\"container\">\n\t\t\t\t<div class=\"elementor-element elementor-element-30273c9 elementor-widget elementor-widget-text-editor\" data-id=\"30273c9\" data-element_type=\"widget\" data-e-type=\"widget\" data-widget_type=\"text-editor.default\">\n\t\t\t\t\t\t\t\t\t<p>\u013dudia vedia, \u010do s\u00fa \u010casto kladen\u00e9 ot\u00e1zky, tak\u017ee si z neho vytvorte n\u00e1zov str\u00e1nky. Nekomplikujte veci t\u00fdm, \u017ee ich nazvete \u201eDobre vedie\u0165\u201c alebo \u201eViac inform\u00e1ci\u00ed\u201c. Niekedy \u013eudia umiestnia sekciu s \u010dasto kladen\u00fdmi ot\u00e1zkami na svoju kontaktn\u00fa str\u00e1nku, ale vy si m\u00f4\u017eete vytvori\u0165 vlastn\u00fa str\u00e1nku a umiestni\u0165 ju priamo do naviga\u010dn\u00e9ho menu va\u0161ej webovej str\u00e1nky.<\/p>\t\t\t\t\t\t\t\t<\/div>\n\t\t\t\t<\/div>\n\t\t\t\t\t<\/details>\n\t\t\t\t\t\t<details id=\"ax-accd-11\" class=\"e-n-accordion-item\" >\n\t\t\t\t<summary class=\"e-n-accordion-item-title\" data-accordion-index=\"2\" tabindex=\"-1\" aria-expanded=\"false\" aria-controls=\"ax-accd-11\" >\n\t\t\t\t\t<span class='e-n-accordion-item-title-header'><div class=\"e-n-accordion-item-title-text\"> <span class=\"number\">02<\/span> Mal by dizajn obohati\u0165 n\u00e1\u0161 de\u0148? <\/div><\/span>\n\t\t\t\t\t\t\t<span class='e-n-accordion-item-title-icon'>\n\t\t\t<span class='e-opened' ><svg xmlns=\"http:\/\/www.w3.org\/2000\/svg\" width=\"20\" height=\"3\" viewbox=\"0 0 20 3\" fill=\"none\"><path fill-rule=\"evenodd\" clip-rule=\"evenodd\" d=\"M10.7692 0.461426H8.46154H0V2.76912H8.46154H10.7692H20V0.461426H10.7692Z\" fill=\"#111111\"><\/path><\/svg><\/span>\n\t\t\t<span class='e-closed'><svg xmlns=\"http:\/\/www.w3.org\/2000\/svg\" width=\"20\" height=\"20\" viewbox=\"0 0 20 20\" fill=\"none\"><path fill-rule=\"evenodd\" clip-rule=\"evenodd\" d=\"M10.7692 0H8.46154V8.46154H0V10.7692H8.46154V20H10.7692V10.7692H20V8.46154H10.7692V0Z\" fill=\"#111111\"><\/path><\/svg><\/span>\n\t\t<\/span>\n\n\t\t\t\t\t\t<\/summary>\n\t\t\t\t<div role=\"region\" aria-labelledby=\"ax-accd-11\" class=\"elementor-element elementor-element-445159a e-con-full e-flex e-con e-child\" data-id=\"445159a\" data-element_type=\"container\" data-e-type=\"container\">\n\t\t\t\t<div class=\"elementor-element elementor-element-98150dd elementor-widget elementor-widget-text-editor\" data-id=\"98150dd\" data-element_type=\"widget\" data-e-type=\"widget\" data-widget_type=\"text-editor.default\">\n\t\t\t\t\t\t\t\t\t<p>\u013dudia vedia, \u010do s\u00fa \u010casto kladen\u00e9 ot\u00e1zky, tak\u017ee si z neho vytvorte n\u00e1zov str\u00e1nky. Nekomplikujte veci t\u00fdm, \u017ee ich nazvete \u201eDobre vedie\u0165\u201c alebo \u201eViac inform\u00e1ci\u00ed\u201c. Niekedy \u013eudia umiestnia sekciu s \u010dasto kladen\u00fdmi ot\u00e1zkami na svoju kontaktn\u00fa str\u00e1nku, ale vy si m\u00f4\u017eete vytvori\u0165 vlastn\u00fa str\u00e1nku a umiestni\u0165 ju priamo do naviga\u010dn\u00e9ho menu va\u0161ej webovej str\u00e1nky.<\/p>\t\t\t\t\t\t\t\t<\/div>\n\t\t\t\t<\/div>\n\t\t\t\t\t<\/details>\n\t\t\t\t\t\t<details id=\"ax-accd-12\" class=\"e-n-accordion-item\" >\n\t\t\t\t<summary class=\"e-n-accordion-item-title\" data-accordion-index=\"3\" tabindex=\"-1\" aria-expanded=\"false\" aria-controls=\"ax-accd-12\" >\n\t\t\t\t\t<span class='e-n-accordion-item-title-header'><div class=\"e-n-accordion-item-title-text\"> <span class=\"number\">03<\/span>Dizajn zameran\u00fd na \u010dloveka spochyb\u0148uje te\u00f3riu dizajnu? <\/div><\/span>\n\t\t\t\t\t\t\t<span class='e-n-accordion-item-title-icon'>\n\t\t\t<span class='e-opened' ><svg xmlns=\"http:\/\/www.w3.org\/2000\/svg\" width=\"20\" height=\"3\" viewbox=\"0 0 20 3\" fill=\"none\"><path fill-rule=\"evenodd\" clip-rule=\"evenodd\" d=\"M10.7692 0.461426H8.46154H0V2.76912H8.46154H10.7692H20V0.461426H10.7692Z\" fill=\"#111111\"><\/path><\/svg><\/span>\n\t\t\t<span class='e-closed'><svg xmlns=\"http:\/\/www.w3.org\/2000\/svg\" width=\"20\" height=\"20\" viewbox=\"0 0 20 20\" fill=\"none\"><path fill-rule=\"evenodd\" clip-rule=\"evenodd\" d=\"M10.7692 0H8.46154V8.46154H0V10.7692H8.46154V20H10.7692V10.7692H20V8.46154H10.7692V0Z\" fill=\"#111111\"><\/path><\/svg><\/span>\n\t\t<\/span>\n\n\t\t\t\t\t\t<\/summary>\n\t\t\t\t<div role=\"region\" aria-labelledby=\"ax-accd-12\" class=\"elementor-element elementor-element-394239c e-con-full e-flex e-con e-child\" data-id=\"394239c\" data-element_type=\"container\" data-e-type=\"container\">\n\t\t\t\t<div class=\"elementor-element elementor-element-3b409f3 elementor-widget elementor-widget-text-editor\" data-id=\"3b409f3\" data-element_type=\"widget\" data-e-type=\"widget\" data-widget_type=\"text-editor.default\">\n\t\t\t\t\t\t\t\t\t<p>\u013dudia vedia, \u010do s\u00fa \u010casto kladen\u00e9 ot\u00e1zky, tak\u017ee si z neho vytvorte n\u00e1zov str\u00e1nky. Nekomplikujte veci t\u00fdm, \u017ee ich nazvete \u201eDobre vedie\u0165\u201c alebo \u201eViac inform\u00e1ci\u00ed\u201c. Niekedy \u013eudia umiestnia sekciu s \u010dasto kladen\u00fdmi ot\u00e1zkami na svoju kontaktn\u00fa str\u00e1nku, ale vy si m\u00f4\u017eete vytvori\u0165 vlastn\u00fa str\u00e1nku a umiestni\u0165 ju priamo do naviga\u010dn\u00e9ho menu va\u0161ej webovej str\u00e1nky.<\/p>\t\t\t\t\t\t\t\t<\/div>\n\t\t\t\t<\/div>\n\t\t\t\t\t<\/details>\n\t\t\t\t\t\t<details id=\"ax-accd-13\" class=\"e-n-accordion-item\" >\n\t\t\t\t<summary class=\"e-n-accordion-item-title\" data-accordion-index=\"4\" tabindex=\"-1\" aria-expanded=\"false\" aria-controls=\"ax-accd-13\" >\n\t\t\t\t\t<span class='e-n-accordion-item-title-header'><div class=\"e-n-accordion-item-title-text\"> <span class=\"number\">04<\/span>Zodpoved\u00e1 vzh\u013eadu a dojmu va\u0161ej zna\u010dky? <\/div><\/span>\n\t\t\t\t\t\t\t<span class='e-n-accordion-item-title-icon'>\n\t\t\t<span class='e-opened' ><svg xmlns=\"http:\/\/www.w3.org\/2000\/svg\" width=\"20\" height=\"3\" viewbox=\"0 0 20 3\" fill=\"none\"><path fill-rule=\"evenodd\" clip-rule=\"evenodd\" d=\"M10.7692 0.461426H8.46154H0V2.76912H8.46154H10.7692H20V0.461426H10.7692Z\" fill=\"#111111\"><\/path><\/svg><\/span>\n\t\t\t<span class='e-closed'><svg xmlns=\"http:\/\/www.w3.org\/2000\/svg\" width=\"20\" height=\"20\" viewbox=\"0 0 20 20\" fill=\"none\"><path fill-rule=\"evenodd\" clip-rule=\"evenodd\" d=\"M10.7692 0H8.46154V8.46154H0V10.7692H8.46154V20H10.7692V10.7692H20V8.46154H10.7692V0Z\" fill=\"#111111\"><\/path><\/svg><\/span>\n\t\t<\/span>\n\n\t\t\t\t\t\t<\/summary>\n\t\t\t\t<div role=\"region\" aria-labelledby=\"ax-accd-13\" class=\"elementor-element elementor-element-21ae704 e-con-full e-flex e-con e-child\" data-id=\"21ae704\" data-element_type=\"container\" data-e-type=\"container\">\n\t\t\t\t<div class=\"elementor-element elementor-element-8fca432 elementor-widget elementor-widget-text-editor\" data-id=\"8fca432\" data-element_type=\"widget\" data-e-type=\"widget\" data-widget_type=\"text-editor.default\">\n\t\t\t\t\t\t\t\t\t<p>\u013dudia vedia, \u010do s\u00fa \u010casto kladen\u00e9 ot\u00e1zky, tak\u017ee si z neho vytvorte n\u00e1zov str\u00e1nky. Nekomplikujte veci t\u00fdm, \u017ee ich nazvete \u201eDobre vedie\u0165\u201c alebo \u201eViac inform\u00e1ci\u00ed\u201c. Niekedy \u013eudia umiestnia sekciu s \u010dasto kladen\u00fdmi ot\u00e1zkami na svoju kontaktn\u00fa str\u00e1nku, ale vy si m\u00f4\u017eete vytvori\u0165 vlastn\u00fa str\u00e1nku a umiestni\u0165 ju priamo do naviga\u010dn\u00e9ho menu va\u0161ej webovej str\u00e1nky.<\/p>\t\t\t\t\t\t\t\t<\/div>\n\t\t\t\t<\/div>\n\t\t\t\t\t<\/details>\n\t\t\t\t\t\t<details id=\"ax-accd-14\" class=\"e-n-accordion-item\" >\n\t\t\t\t<summary class=\"e-n-accordion-item-title\" data-accordion-index=\"5\" tabindex=\"-1\" aria-expanded=\"false\" aria-controls=\"ax-accd-14\" >\n\t\t\t\t\t<span class='e-n-accordion-item-title-header'><div class=\"e-n-accordion-item-title-text\"> <span class=\"number\">05<\/span>Ako sa sta\u0165 agiln\u00fdm produkt\u00edvnym mana\u017e\u00e9rom? <\/div><\/span>\n\t\t\t\t\t\t\t<span class='e-n-accordion-item-title-icon'>\n\t\t\t<span class='e-opened' ><svg xmlns=\"http:\/\/www.w3.org\/2000\/svg\" width=\"20\" height=\"3\" viewbox=\"0 0 20 3\" fill=\"none\"><path fill-rule=\"evenodd\" clip-rule=\"evenodd\" d=\"M10.7692 0.461426H8.46154H0V2.76912H8.46154H10.7692H20V0.461426H10.7692Z\" fill=\"#111111\"><\/path><\/svg><\/span>\n\t\t\t<span class='e-closed'><svg xmlns=\"http:\/\/www.w3.org\/2000\/svg\" width=\"20\" height=\"20\" viewbox=\"0 0 20 20\" fill=\"none\"><path fill-rule=\"evenodd\" clip-rule=\"evenodd\" d=\"M10.7692 0H8.46154V8.46154H0V10.7692H8.46154V20H10.7692V10.7692H20V8.46154H10.7692V0Z\" fill=\"#111111\"><\/path><\/svg><\/span>\n\t\t<\/span>\n\n\t\t\t\t\t\t<\/summary>\n\t\t\t\t<div role=\"region\" aria-labelledby=\"ax-accd-14\" class=\"elementor-element elementor-element-70ce85b e-con-full e-flex e-con e-child\" data-id=\"70ce85b\" data-element_type=\"container\" data-e-type=\"container\">\n\t\t\t\t<div class=\"elementor-element elementor-element-7dccab0 elementor-widget elementor-widget-text-editor\" data-id=\"7dccab0\" data-element_type=\"widget\" data-e-type=\"widget\" data-widget_type=\"text-editor.default\">\n\t\t\t\t\t\t\t\t\t<p>\u013dudia vedia, \u010do s\u00fa \u010casto kladen\u00e9 ot\u00e1zky, tak\u017ee si z neho vytvorte n\u00e1zov str\u00e1nky. Nekomplikujte veci t\u00fdm, \u017ee ich nazvete \u201eDobre vedie\u0165\u201c alebo \u201eViac inform\u00e1ci\u00ed\u201c. Niekedy \u013eudia umiestnia sekciu s \u010dasto kladen\u00fdmi ot\u00e1zkami na svoju kontaktn\u00fa str\u00e1nku, ale vy si m\u00f4\u017eete vytvori\u0165 vlastn\u00fa str\u00e1nku a umiestni\u0165 ju priamo do naviga\u010dn\u00e9ho menu va\u0161ej webovej str\u00e1nky.<\/p>\t\t\t\t\t\t\t\t<\/div>\n\t\t\t\t<\/div>\n\t\t\t\t\t<\/details>\n\t\t\t\t\t\t<details id=\"ax-accd-15\" class=\"e-n-accordion-item\" >\n\t\t\t\t<summary class=\"e-n-accordion-item-title\" data-accordion-index=\"6\" tabindex=\"-1\" aria-expanded=\"false\" aria-controls=\"ax-accd-15\" >\n\t\t\t\t\t<span class='e-n-accordion-item-title-header'><div class=\"e-n-accordion-item-title-text\"> <span class=\"number\">06<\/span>Pre\u010do vytv\u00e1rame najlep\u0161ie webov\u00e9 str\u00e1nky Webflow vo Figme? <\/div><\/span>\n\t\t\t\t\t\t\t<span class='e-n-accordion-item-title-icon'>\n\t\t\t<span class='e-opened' ><svg xmlns=\"http:\/\/www.w3.org\/2000\/svg\" width=\"20\" height=\"3\" viewbox=\"0 0 20 3\" fill=\"none\"><path fill-rule=\"evenodd\" clip-rule=\"evenodd\" d=\"M10.7692 0.461426H8.46154H0V2.76912H8.46154H10.7692H20V0.461426H10.7692Z\" fill=\"#111111\"><\/path><\/svg><\/span>\n\t\t\t<span class='e-closed'><svg xmlns=\"http:\/\/www.w3.org\/2000\/svg\" width=\"20\" height=\"20\" viewbox=\"0 0 20 20\" fill=\"none\"><path fill-rule=\"evenodd\" clip-rule=\"evenodd\" d=\"M10.7692 0H8.46154V8.46154H0V10.7692H8.46154V20H10.7692V10.7692H20V8.46154H10.7692V0Z\" fill=\"#111111\"><\/path><\/svg><\/span>\n\t\t<\/span>\n\n\t\t\t\t\t\t<\/summary>\n\t\t\t\t<div role=\"region\" aria-labelledby=\"ax-accd-15\" class=\"elementor-element elementor-element-9ce2872 e-con-full e-flex e-con e-child\" data-id=\"9ce2872\" data-element_type=\"container\" data-e-type=\"container\">\n\t\t\t\t<div class=\"elementor-element elementor-element-940394e elementor-widget elementor-widget-text-editor\" data-id=\"940394e\" data-element_type=\"widget\" data-e-type=\"widget\" data-widget_type=\"text-editor.default\">\n\t\t\t\t\t\t\t\t\t<p>\u013dudia vedia, \u010do s\u00fa \u010casto kladen\u00e9 ot\u00e1zky, tak\u017ee si z neho vytvorte n\u00e1zov str\u00e1nky. Nekomplikujte veci t\u00fdm, \u017ee ich nazvete \u201eDobre vedie\u0165\u201c alebo \u201eViac inform\u00e1ci\u00ed\u201c. Niekedy \u013eudia umiestnia sekciu s \u010dasto kladen\u00fdmi ot\u00e1zkami na svoju kontaktn\u00fa str\u00e1nku, ale vy si m\u00f4\u017eete vytvori\u0165 vlastn\u00fa str\u00e1nku a umiestni\u0165 ju priamo do naviga\u010dn\u00e9ho menu va\u0161ej webovej str\u00e1nky.<\/p>\t\t\t\t\t\t\t\t<\/div>\n\t\t\t\t<\/div>\n\t\t\t\t\t<\/details>\n\t\t\t\t\t\t<details id=\"ax-accd-16\" class=\"e-n-accordion-item\" >\n\t\t\t\t<summary class=\"e-n-accordion-item-title\" data-accordion-index=\"7\" tabindex=\"-1\" aria-expanded=\"false\" aria-controls=\"ax-accd-16\" >\n\t\t\t\t\t<span class='e-n-accordion-item-title-header'><div class=\"e-n-accordion-item-title-text\"> <span class=\"number\">07<\/span>Ako riadi\u0165 agiln\u00e9 projektov\u00e9 t\u00edmy? <\/div><\/span>\n\t\t\t\t\t\t\t<span class='e-n-accordion-item-title-icon'>\n\t\t\t<span class='e-opened' ><svg xmlns=\"http:\/\/www.w3.org\/2000\/svg\" width=\"20\" height=\"3\" viewbox=\"0 0 20 3\" fill=\"none\"><path fill-rule=\"evenodd\" clip-rule=\"evenodd\" d=\"M10.7692 0.461426H8.46154H0V2.76912H8.46154H10.7692H20V0.461426H10.7692Z\" fill=\"#111111\"><\/path><\/svg><\/span>\n\t\t\t<span class='e-closed'><svg xmlns=\"http:\/\/www.w3.org\/2000\/svg\" width=\"20\" height=\"20\" viewbox=\"0 0 20 20\" fill=\"none\"><path fill-rule=\"evenodd\" clip-rule=\"evenodd\" d=\"M10.7692 0H8.46154V8.46154H0V10.7692H8.46154V20H10.7692V10.7692H20V8.46154H10.7692V0Z\" fill=\"#111111\"><\/path><\/svg><\/span>\n\t\t<\/span>\n\n\t\t\t\t\t\t<\/summary>\n\t\t\t\t<div role=\"region\" aria-labelledby=\"ax-accd-16\" class=\"elementor-element elementor-element-b6cf257 e-con-full e-flex e-con e-child\" data-id=\"b6cf257\" data-element_type=\"container\" data-e-type=\"container\">\n\t\t\t\t<div class=\"elementor-element elementor-element-e959c99 elementor-widget elementor-widget-text-editor\" data-id=\"e959c99\" data-element_type=\"widget\" data-e-type=\"widget\" data-widget_type=\"text-editor.default\">\n\t\t\t\t\t\t\t\t\t<p>\u013dudia vedia, \u010do s\u00fa \u010casto kladen\u00e9 ot\u00e1zky, tak\u017ee si z neho vytvorte n\u00e1zov str\u00e1nky. Nekomplikujte veci t\u00fdm, \u017ee ich nazvete \u201eDobre vedie\u0165\u201c alebo \u201eViac inform\u00e1ci\u00ed\u201c. Niekedy \u013eudia umiestnia sekciu s \u010dasto kladen\u00fdmi ot\u00e1zkami na svoju kontaktn\u00fa str\u00e1nku, ale vy si m\u00f4\u017eete vytvori\u0165 vlastn\u00fa str\u00e1nku a umiestni\u0165 ju priamo do naviga\u010dn\u00e9ho menu va\u0161ej webovej str\u00e1nky.<\/p>\t\t\t\t\t\t\t\t<\/div>\n\t\t\t\t<\/div>\n\t\t\t\t\t<\/details>\n\t\t\t\t\t<\/div>\n\t\t\t\t\t\t<\/div>\n\t\t\t\t<\/div>\n\t\t\t\t<\/div>\n\t\t\t\t\t<\/div>\n\t\t\t\t<\/div>\n\t\t\t\t<\/div>","protected":false},"excerpt":{"rendered":"<p>Question FAQ Learn some common answers about newly projects 01 Bring their individual experience and creative? People know what an FAQ is, so make that your page title. Don\u2019t overcomplicate things by calling it \u201cGood to Know\u201d or \u201cMore Info\u201d. Sometimes people put the frequently asked questions section on their Contact page, but you can [&hellip;]<\/p>","protected":false},"author":1,"featured_media":0,"parent":0,"menu_order":0,"comment_status":"closed","ping_status":"closed","template":"elementor_header_footer","meta":{"_monsterinsights_skip_tracking":false,"_monsterinsights_sitenote_active":false,"_monsterinsights_sitenote_note":"","_monsterinsights_sitenote_category":0,"footnotes":""},"class_list":["post-11727","page","type-page","status-publish","hentry"],"_links":{"self":[{"href":"https:\/\/pixelprosk.com\/sk\/wp-json\/wp\/v2\/pages\/11727","targetHints":{"allow":["GET"]}}],"collection":[{"href":"https:\/\/pixelprosk.com\/sk\/wp-json\/wp\/v2\/pages"}],"about":[{"href":"https:\/\/pixelprosk.com\/sk\/wp-json\/wp\/v2\/types\/page"}],"author":[{"embeddable":true,"href":"https:\/\/pixelprosk.com\/sk\/wp-json\/wp\/v2\/users\/1"}],"replies":[{"embeddable":true,"href":"https:\/\/pixelprosk.com\/sk\/wp-json\/wp\/v2\/comments?post=11727"}],"version-history":[{"count":0,"href":"https:\/\/pixelprosk.com\/sk\/wp-json\/wp\/v2\/pages\/11727\/revisions"}],"wp:attachment":[{"href":"https:\/\/pixelprosk.com\/sk\/wp-json\/wp\/v2\/media?parent=11727"}],"curies":[{"name":"pracovn\u00fd list","href":"https:\/\/api.w.org\/{rel}","templated":true}]}}