{"id":1059,"date":"2025-03-24T09:52:35","date_gmt":"2025-03-24T09:52:35","guid":{"rendered":"https:\/\/wp.ravextheme.com\/arrox\/?page_id=1059"},"modified":"2025-08-13T22:11:52","modified_gmt":"2025-08-13T22:11:52","slug":"contact","status":"publish","type":"page","link":"https:\/\/pixelprosk.com\/sk\/kontakt\/","title":{"rendered":"Kontakt"},"content":{"rendered":"<div data-elementor-type=\"wp-page\" data-elementor-id=\"1059\" class=\"elementor elementor-1059\" data-elementor-post-type=\"page\">\n\t\t\t\t<div class=\"elementor-element elementor-element-601535c e-flex e-con-boxed e-con e-parent\" data-id=\"601535c\" data-element_type=\"container\" data-settings=\"{&quot;background_background&quot;:&quot;classic&quot;}\">\n\t\t\t\t\t<div class=\"e-con-inner\">\n\t\t<div class=\"elementor-element elementor-element-a52f021 e-con-full e-flex e-con e-child\" data-id=\"a52f021\" data-element_type=\"container\">\n\t\t\t\t<div class=\"elementor-element elementor-element-95e42ea fade-anim rd-inner-pg-title elementor-widget elementor-widget-heading\" data-id=\"95e42ea\" data-element_type=\"widget\" data-widget_type=\"heading.default\">\n\t\t\t\t\t<h1 class=\"elementor-heading-title elementor-size-default\">Kontakt<\/h1>\t\t\t\t<\/div>\n\t\t\t\t<\/div>\n\t\t\t\t\t<\/div>\n\t\t\t\t<\/div>\n\t\t<div class=\"elementor-element elementor-element-6a9bbfc e-flex e-con-boxed e-con e-parent\" data-id=\"6a9bbfc\" data-element_type=\"container\" data-settings=\"{&quot;background_background&quot;:&quot;classic&quot;}\">\n\t\t\t\t\t<div class=\"e-con-inner\">\n\t\t<div class=\"elementor-element elementor-element-05a5e0d e-con-full e-flex e-con e-child\" data-id=\"05a5e0d\" data-element_type=\"container\">\n\t\t<div class=\"elementor-element elementor-element-3058e2b e-con-full e-flex e-con e-child\" data-id=\"3058e2b\" data-element_type=\"container\">\n\t\t\t\t<div class=\"elementor-element elementor-element-ac16cb3 fade-anim elementor-widget elementor-widget-heading\" data-id=\"ac16cb3\" data-element_type=\"widget\" data-widget_type=\"heading.default\">\n\t\t\t\t\t<span class=\"elementor-heading-title elementor-size-default\">Kontakt<\/span>\t\t\t\t<\/div>\n\t\t\t\t<\/div>\n\t\t<div class=\"elementor-element elementor-element-0107473 e-con-full e-flex e-con e-child\" data-id=\"0107473\" data-element_type=\"container\">\n\t\t\t\t<div class=\"elementor-element elementor-element-2a4c210 fade-anim elementor-widget__width-initial elementor-widget elementor-widget-heading\" data-id=\"2a4c210\" data-element_type=\"widget\" data-widget_type=\"heading.default\">\n\t\t\t\t\t<h2 class=\"elementor-heading-title elementor-size-default\">Nap\u00ed\u0161te n\u00e1m a za\u010dnime s projektom.<\/h2>\t\t\t\t<\/div>\n\t\t\t\t<\/div>\n\t\t\t\t<\/div>\n\t\t\t\t\t<\/div>\n\t\t\t\t<\/div>\n\t\t<div class=\"elementor-element elementor-element-aa17540 e-flex e-con-boxed e-con e-parent\" data-id=\"aa17540\" data-element_type=\"container\" data-settings=\"{&quot;background_background&quot;:&quot;classic&quot;}\">\n\t\t\t\t\t<div class=\"e-con-inner\">\n\t\t<div class=\"elementor-element elementor-element-97ae012 e-con-full e-flex e-con e-child\" data-id=\"97ae012\" data-element_type=\"container\">\n\t\t\t\t<div class=\"elementor-element elementor-element-5d4e966 fade-anim elementor-widget elementor-widget-heading\" data-id=\"5d4e966\" data-element_type=\"widget\" data-widget_type=\"heading.default\">\n\t\t\t\t\t<span class=\"elementor-heading-title elementor-size-default\">Kontaktujte n\u00e1s<\/span>\t\t\t\t<\/div>\n\t\t\t\t<div class=\"elementor-element elementor-element-e3851b2 fade-anim elementor-widget__width-initial elementor-widget elementor-widget-heading\" data-id=\"e3851b2\" data-element_type=\"widget\" data-widget_type=\"heading.default\">\n\t\t\t\t\t<h3 class=\"elementor-heading-title elementor-size-default\">Te\u0161\u00edme sa na va\u0161u odpove\u010f a po\u010fme spolu za\u010da\u0165 nie\u010do \u0161peci\u00e1lne.\n<\/br>\n<\/br><\/h3>\t\t\t\t<\/div>\n\t\t\t\t<div class=\"elementor-element elementor-element-0da4e44 fade-anim elementor-widget__width-initial elementor-widget elementor-widget-heading\" data-id=\"0da4e44\" data-element_type=\"widget\" data-widget_type=\"heading.default\">\n\t\t\t\t\t<h3 class=\"elementor-heading-title elementor-size-default\"><a href=\"mailto:info@pixelprosk.com\">info@pixelprosk.com<\/a><\/h3>\t\t\t\t<\/div>\n\t\t\t\t<\/div>\n\t\t<div class=\"elementor-element elementor-element-2d7922d e-con-full e-flex e-con e-child\" data-id=\"2d7922d\" data-element_type=\"container\">\n\t\t\t\t<div class=\"elementor-element elementor-element-3b430ec fade-anim elementor-widget elementor-widget-arrox-contact-form\" data-id=\"3b430ec\" data-element_type=\"widget\" data-widget_type=\"arrox-contact-form.default\">\n\t\t\t\t<div class=\"elementor-widget-container\">\n\t\t\t\t\t\r\n\t\t\r\n\t\t<div class=\"contact-area-contact-page\">\r\n\t\t\t\t\t\t\t\n<div class=\"wpcf7 no-js\" id=\"wpcf7-f13234-o1\" lang=\"en-US\" dir=\"ltr\" data-wpcf7-id=\"13234\">\n<div class=\"screen-reader-response\"><p role=\"status\" aria-live=\"polite\" aria-atomic=\"true\"><\/p> <ul><\/ul><\/div>\n<form action=\"\/sk\/wp-json\/wp\/v2\/pages\/1059#wpcf7-f13234-o1\" method=\"post\" class=\"wpcf7-form init\" aria-label=\"Kontaktn\u00fd formul\u00e1r\" novalidate=\"novalidate\" data-status=\"init\" data-trp-original-action=\"\/sk\/wp-json\/wp\/v2\/pages\/1059#wpcf7-f13234-o1\">\n<fieldset class=\"hidden-fields-container\"><input type=\"hidden\" name=\"_wpcf7\" value=\"13234\" \/><input type=\"hidden\" name=\"_wpcf7_version\" value=\"6.1.1\" \/><input type=\"hidden\" name=\"_wpcf7_locale\" value=\"en_US\" \/><input type=\"hidden\" name=\"_wpcf7_unit_tag\" value=\"wpcf7-f13234-o1\" \/><input type=\"hidden\" name=\"_wpcf7_container_post\" value=\"0\" \/><input type=\"hidden\" name=\"_wpcf7_posted_data_hash\" value=\"\" \/>\n<\/fieldset>\n<div class=\"contact-wrap\">\n\t<div class=\"contact-formwrap\">\n\t\t<div class=\"contact-formfield\">\n\t\t     <span class=\"wpcf7-form-control-wrap\" data-name=\"your-name\"><input size=\"40\" maxlength=\"400\" class=\"wpcf7-form-control wpcf7-text wpcf7-validates-as-required\" id=\"name\" aria-required=\"true\" aria-invalid=\"false\" placeholder=\"Meno\" value=\"\" type=\"text\" name=\"your-name\" \/><\/span>\n\t\t<\/div>\n\t\t<div class=\"contact-formfield\">\n\t\t     <span class=\"wpcf7-form-control-wrap\" data-name=\"your-email\"><input size=\"40\" maxlength=\"400\" class=\"wpcf7-form-control wpcf7-text wpcf7-validates-as-required email\" aria-required=\"true\" aria-invalid=\"false\" placeholder=\"E-mail\" value=\"\" type=\"text\" name=\"your-email\" \/><\/span>\n\t\t<\/div>\n\t\t<div class=\"contact-formfield\">\n\t             <span class=\"wpcf7-form-control-wrap\" data-name=\"your-phone\"><input size=\"40\" maxlength=\"400\" class=\"wpcf7-form-control wpcf7-text phone\" aria-invalid=\"false\" placeholder=\"Telef\u00f3n\" value=\"\" type=\"text\" name=\"your-phone\" \/><\/span>\n\t\t<\/div>\n\t\t<div class=\"contact-formfield\">\n\t\t     <span class=\"wpcf7-form-control-wrap\" data-name=\"company\"><input size=\"40\" maxlength=\"400\" class=\"wpcf7-form-control wpcf7-text wpcf7-validates-as-required company\" aria-required=\"true\" aria-invalid=\"false\" placeholder=\"Spolo\u010dnos\u0165\" value=\"\" type=\"text\" name=\"company\" \/><\/span>\n\t\t<\/div>\n\t\t<div class=\"contact-formfield\">\n\t\t     <span class=\"wpcf7-form-control-wrap\" data-name=\"budget\"><input size=\"40\" maxlength=\"400\" class=\"wpcf7-form-control wpcf7-text wpcf7-validates-as-required budget\" aria-required=\"true\" aria-invalid=\"false\" placeholder=\"Rozpo\u010det\" value=\"\" type=\"text\" name=\"budget\" \/><\/span>\n\t\t<\/div>\n\t\t<div class=\"contact-formfield\">\n\t\t     <span class=\"wpcf7-form-control-wrap\" data-name=\"subject\"><input size=\"40\" maxlength=\"400\" class=\"wpcf7-form-control wpcf7-text wpcf7-validates-as-required subject\" aria-required=\"true\" aria-invalid=\"false\" placeholder=\"Predmet\" value=\"\" type=\"text\" name=\"subject\" \/><\/span>\n\t\t<\/div>\n\t\t<div class=\"contact-formfield message\">\n\t\t     <span class=\"wpcf7-form-control-wrap\" data-name=\"your-message\"><textarea cols=\"40\" rows=\"10\" maxlength=\"2000\" class=\"wpcf7-form-control wpcf7-textarea message\" aria-invalid=\"false\" placeholder=\"Spr\u00e1va\" name=\"your-message\"><\/textarea><\/span>\n\t\t<\/div>\n\t<\/div>\n\t<div class=\"submit-btn\">\n\t\t<button type=\"submit\" class=\"rr-btn arrox-el-btn\">\n\t\t\t<span class=\"btn-wrap\">\n\t\t\t<span class=\"text-one\">Odosla\u0165 spr\u00e1vu<\/span>\n\t\t\t<span class=\"text-two\">Odosla\u0165 spr\u00e1vu<\/span>\n\t\t\t<\/span>\n\t\t<\/button>\n\t<\/div>\n<\/div><div class=\"wpcf7-response-output\" aria-hidden=\"true\"><\/div>\n<input type=\"hidden\" name=\"trp-form-language\" value=\"sk\"\/><\/form>\n<\/div>\n\r\n\t\t\t\t\t<\/div>\r\n\r\n\t\t\t\t\t\t<\/div>\n\t\t\t\t<\/div>\n\t\t\t\t<\/div>\n\t\t\t\t\t<\/div>\n\t\t\t\t<\/div>\n\t\t\t\t<\/div>","protected":false},"excerpt":{"rendered":"<p>Contact Contact Let\u2019s drop us a line and get the project started. Get in touch We\u2019re excited to hear from you and let\u2019s start something special together info@pixelprosk.com Send Message Send Message<\/p>","protected":false},"author":1,"featured_media":0,"parent":0,"menu_order":0,"comment_status":"closed","ping_status":"closed","template":"elementor_header_footer","meta":{"_monsterinsights_skip_tracking":false,"_monsterinsights_sitenote_active":false,"_monsterinsights_sitenote_note":"","_monsterinsights_sitenote_category":0,"footnotes":""},"class_list":["post-1059","page","type-page","status-publish","hentry"],"_links":{"self":[{"href":"https:\/\/pixelprosk.com\/sk\/wp-json\/wp\/v2\/pages\/1059","targetHints":{"allow":["GET"]}}],"collection":[{"href":"https:\/\/pixelprosk.com\/sk\/wp-json\/wp\/v2\/pages"}],"about":[{"href":"https:\/\/pixelprosk.com\/sk\/wp-json\/wp\/v2\/types\/page"}],"author":[{"embeddable":true,"href":"https:\/\/pixelprosk.com\/sk\/wp-json\/wp\/v2\/users\/1"}],"replies":[{"embeddable":true,"href":"https:\/\/pixelprosk.com\/sk\/wp-json\/wp\/v2\/comments?post=1059"}],"version-history":[{"count":6,"href":"https:\/\/pixelprosk.com\/sk\/wp-json\/wp\/v2\/pages\/1059\/revisions"}],"predecessor-version":[{"id":17377,"href":"https:\/\/pixelprosk.com\/sk\/wp-json\/wp\/v2\/pages\/1059\/revisions\/17377"}],"wp:attachment":[{"href":"https:\/\/pixelprosk.com\/sk\/wp-json\/wp\/v2\/media?parent=1059"}],"curies":[{"name":"wp","href":"https:\/\/api.w.org\/{rel}","templated":true}]}}